{"id":985,"date":"2022-08-02T14:34:33","date_gmt":"2022-08-02T12:34:33","guid":{"rendered":"https:\/\/klaviergalerie.at.dedivirt2650.your-server.de\/?page_id=985"},"modified":"2022-10-04T21:39:46","modified_gmt":"2022-10-04T19:39:46","slug":"piano-sales-vienna","status":"publish","type":"page","link":"https:\/\/klaviergalerie.at\/en\/piano-sales-vienna\/","title":{"rendered":"Piano Sales Vienna"},"content":{"rendered":"<p>The <span class=\"versal\">Klavier Galerie<\/span> with the <strong><a href=\"https:\/\/klaviergalerie.at\/en\/feurich-showroom\/\"><em><span class=\"versal\">Feurich<\/span> showroom<\/em><\/a> is the most visited piano shop in Vienna<\/strong>. In our showrooms you will find <strong>more than 150 pianos, grand pianos, and historical instruments <\/strong>for your piano purchase. The selection ranges from our own internationally appreciated <em><a href=\"https:\/\/www.feurich.com\/en\/products\/classic-pianos\/\" target=\"_blank\" rel=\"noopener\"><span class=\"versal\">Feurich<\/span> pianos<\/a><\/em> to expertly refurbished masterpieces by renowned manufacturers such as B\u00f6sendorfer, Steinway, F\u00f6rster, Bechstein, and Bl\u00fcthner, all the way to inexpensive used pianos.<\/p>\n<p>Take your time to decide and try the instruments to your heart\u2019s content. To find exactly the instrument that suits you, please <script>function toggle_contact(form_id) {  var x = document.getElementById(\"formular\");  if (x.style.display === \"block\") {    x.style.display = \"none\";  } else {    x.style.display = \"block\";    x.scrollIntoView({block: \"start\", behavior: \"smooth\"});  }}<\/script><a id=\"toggle_contact\" title=\"arrange an appointment.\" href=\"#\" onclick=\"toggle_contact();return false;\"><svg class=\"svg-inline--fa fa-pen-to-square\" aria-hidden=\"true\" focusable=\"false\" data-prefix=\"fas\" data-icon=\"pen-to-square\" role=\"img\" xmlns=\"http:\/\/www.w3.org\/2000\/svg\" viewBox=\"0 0 512 512\" data-fa-i2svg=\"\"><path fill=\"currentColor\" d=\"M490.3 40.4C512.2 62.27 512.2 97.73 490.3 119.6L460.3 149.7L362.3 51.72L392.4 21.66C414.3-.2135 449.7-.2135 471.6 21.66L490.3 40.4zM172.4 241.7L339.7 74.34L437.7 172.3L270.3 339.6C264.2 345.8 256.7 350.4 248.4 353.2L159.6 382.8C150.1 385.6 141.5 383.4 135 376.1C128.6 370.5 126.4 361 129.2 352.4L158.8 263.6C161.6 255.3 166.2 247.8 172.4 241.7V241.7zM192 63.1C209.7 63.1 224 78.33 224 95.1C224 113.7 209.7 127.1 192 127.1H96C78.33 127.1 64 142.3 64 159.1V416C64 433.7 78.33 448 96 448H352C369.7 448 384 433.7 384 416V319.1C384 302.3 398.3 287.1 416 287.1C433.7 287.1 448 302.3 448 319.1V416C448 469 405 512 352 512H96C42.98 512 0 469 0 416V159.1C0 106.1 42.98 63.1 96 63.1H192z\"><\/path><\/svg>arrange an appointment.<\/a><div id=\"formular\">\n<div class=\"wpcf7 no-js\" id=\"wpcf7-f34368-o1\" lang=\"en-US\" dir=\"ltr\" data-wpcf7-id=\"34368\">\n<div class=\"screen-reader-response\"><p role=\"status\" aria-live=\"polite\" aria-atomic=\"true\"><\/p> <ul><\/ul><\/div>\n<form action=\"\/en\/wp-json\/wp\/v2\/pages\/985#wpcf7-f34368-o1\" method=\"post\" class=\"wpcf7-form init\" aria-label=\"Contact form\" enctype=\"multipart\/form-data\" novalidate=\"novalidate\" data-status=\"init\">\n<fieldset class=\"hidden-fields-container\"><input type=\"hidden\" name=\"_wpcf7\" value=\"34368\" \/><input type=\"hidden\" name=\"_wpcf7_version\" value=\"6.1.5\" \/><input type=\"hidden\" name=\"_wpcf7_locale\" value=\"en_US\" \/><input type=\"hidden\" name=\"_wpcf7_unit_tag\" value=\"wpcf7-f34368-o1\" \/><input type=\"hidden\" name=\"_wpcf7_container_post\" value=\"0\" \/><input type=\"hidden\" name=\"_wpcf7_posted_data_hash\" value=\"\" \/><input type=\"hidden\" name=\"_wpcf7_recaptcha_response\" value=\"\" \/>\n<\/fieldset>\n<p><label> Subject<br \/>\n<span class=\"wpcf7-form-control-wrap\" data-name=\"betreff\"><input size=\"40\" maxlength=\"400\" class=\"wpcf7-form-control wpcf7-text\" aria-invalid=\"false\" value=\"Piano Sales Vienna\" type=\"text\" name=\"betreff\" \/><\/span> <\/label>\n<\/p>\n<p><label> Your Message<br \/>\n<span class=\"wpcf7-form-control-wrap\" data-name=\"your-message\"><textarea cols=\"40\" rows=\"10\" maxlength=\"2000\" class=\"wpcf7-form-control wpcf7-textarea\" aria-invalid=\"false\" name=\"your-message\">Dear KLAVIER GALERIE,<\/textarea><\/span> <\/label>\n<\/p>\n<p><label> Your Name<br \/>\n<span class=\"wpcf7-form-control-wrap\" data-name=\"your-name\"><input size=\"40\" maxlength=\"400\" class=\"wpcf7-form-control wpcf7-text\" aria-invalid=\"false\" value=\"\" type=\"text\" name=\"your-name\" \/><\/span> <\/label>\n<\/p>\n<p><label> Your Phone Number<br \/>\n<span class=\"wpcf7-form-control-wrap\" data-name=\"tel-344\"><input size=\"40\" maxlength=\"400\" class=\"wpcf7-form-control wpcf7-tel wpcf7-text wpcf7-validates-as-tel\" aria-invalid=\"false\" value=\"\" type=\"tel\" name=\"tel-344\" \/><\/span> <\/label>\n<\/p>\n<p><label> Your Email*<br \/>\n<span class=\"wpcf7-form-control-wrap\" data-name=\"your-email\"><input size=\"40\" maxlength=\"400\" class=\"wpcf7-form-control wpcf7-email wpcf7-validates-as-required wpcf7-text wpcf7-validates-as-email\" aria-required=\"true\" aria-invalid=\"false\" value=\"\" type=\"email\" name=\"your-email\" \/><\/span> <\/label>\n<\/p>\n<p><label> Your Attachment<br \/>\n<span class=\"wpcf7-form-control-wrap\" data-name=\"file-127\"><input size=\"40\" class=\"wpcf7-form-control wpcf7-file\" accept=\"audio\/*,video\/*,image\/*\" aria-invalid=\"false\" type=\"file\" name=\"file-127\" \/><\/span> <\/label>\n<\/p>\n<p><input class=\"wpcf7-form-control wpcf7-submit has-spinner\" type=\"submit\" value=\"Send\" \/>\n<\/p><input type='hidden' class='wpcf7-pum' value='{\"closepopup\":false,\"closedelay\":0,\"openpopup\":false,\"openpopup_id\":0}' \/><div class=\"wpcf7-response-output\" aria-hidden=\"true\"><\/div>\n<\/form>\n<\/div>\n<\/div><\/p>\n<hr \/>\n<div class=\"cats-container\"><div class=\"featured-section\"><div class=\"grid\"><div class=\"grid-item\"><div class=\"img-holder\"><a href=\"https:\/\/klaviergalerie.at\/en\/feurich-showroom\/\" rel=\"bookmark\"><img loading=\"lazy\" decoding=\"async\" width=\"400\" height=\"130\" src=\"https:\/\/klaviergalerie.at\/wp-content\/uploads\/feurich-showroom-en.png\" class=\"attachment-400x400 size-400x400 wp-post-image\" alt=\"Pianos inside the Feurich Showroom\" srcset=\"https:\/\/klaviergalerie.at\/wp-content\/uploads\/feurich-showroom-en.png 1290w, https:\/\/klaviergalerie.at\/wp-content\/uploads\/feurich-showroom-en-600x195.png 600w, https:\/\/klaviergalerie.at\/wp-content\/uploads\/feurich-showroom-en-1272x414.png 1272w, https:\/\/klaviergalerie.at\/wp-content\/uploads\/feurich-showroom-en-768x250.png 768w, https:\/\/klaviergalerie.at\/wp-content\/uploads\/feurich-showroom-en-184x60.png 184w\" sizes=\"auto, (max-width: 400px) 100vw, 400px\" \/><\/a><div class=\"text-holder\">Feurich Showroom<\/div><\/div><!-- .entry-content --><\/div><div class=\"grid-item\"><div class=\"img-holder\"><a href=\"https:\/\/klaviergalerie.at\/en\/reconditioned-mint-pianos-vienna\/\" rel=\"bookmark\"><img loading=\"lazy\" decoding=\"async\" width=\"400\" height=\"130\" src=\"https:\/\/klaviergalerie.at\/wp-content\/uploads\/reconditioned-and-mint-pianos.png\" class=\"attachment-400x400 size-400x400 wp-post-image\" alt=\"\" srcset=\"https:\/\/klaviergalerie.at\/wp-content\/uploads\/reconditioned-and-mint-pianos.png 1290w, https:\/\/klaviergalerie.at\/wp-content\/uploads\/reconditioned-and-mint-pianos-690x224.png 690w, https:\/\/klaviergalerie.at\/wp-content\/uploads\/reconditioned-and-mint-pianos-1272x413.png 1272w, https:\/\/klaviergalerie.at\/wp-content\/uploads\/reconditioned-and-mint-pianos-768x249.png 768w, https:\/\/klaviergalerie.at\/wp-content\/uploads\/reconditioned-and-mint-pianos-185x60.png 185w\" sizes=\"auto, (max-width: 400px) 100vw, 400px\" \/><\/a><div class=\"text-holder\">Reconditioned and Mint Pianos from Vienna<\/div><\/div><!-- .entry-content --><\/div><div class=\"grid-item\"><div class=\"img-holder\"><a href=\"https:\/\/klaviergalerie.at\/en\/masterpieces-unique-pianos-vienna\/\" rel=\"bookmark\"><img loading=\"lazy\" decoding=\"async\" width=\"400\" height=\"130\" src=\"https:\/\/klaviergalerie.at\/wp-content\/uploads\/masterpieces-unique-pianos.png\" class=\"attachment-400x400 size-400x400 wp-post-image\" alt=\"\" srcset=\"https:\/\/klaviergalerie.at\/wp-content\/uploads\/masterpieces-unique-pianos.png 1290w, https:\/\/klaviergalerie.at\/wp-content\/uploads\/masterpieces-unique-pianos-690x225.png 690w, https:\/\/klaviergalerie.at\/wp-content\/uploads\/masterpieces-unique-pianos-1272x414.png 1272w, https:\/\/klaviergalerie.at\/wp-content\/uploads\/masterpieces-unique-pianos-768x250.png 768w, https:\/\/klaviergalerie.at\/wp-content\/uploads\/masterpieces-unique-pianos-184x60.png 184w\" sizes=\"auto, (max-width: 400px) 100vw, 400px\" \/><\/a><div class=\"text-holder\">Masterpieces and Unique Pianos from Vienna<\/div><\/div><!-- .entry-content --><\/div><div class=\"grid-item\"><div class=\"img-holder\"><a href=\"https:\/\/klaviergalerie.at\/en\/digital-pianos-vienna\/\" rel=\"bookmark\"><img loading=\"lazy\" decoding=\"async\" width=\"400\" height=\"400\" src=\"https:\/\/klaviergalerie.at\/wp-content\/uploads\/697_-1706323686.jpg\" class=\"attachment-400x400 size-400x400 wp-post-image\" alt=\"\" srcset=\"https:\/\/klaviergalerie.at\/wp-content\/uploads\/697_-1706323686.jpg 500w, https:\/\/klaviergalerie.at\/wp-content\/uploads\/697_-1706323686-200x200.jpg 200w, https:\/\/klaviergalerie.at\/wp-content\/uploads\/697_-1706323686-60x60.jpg 60w\" sizes=\"auto, (max-width: 400px) 100vw, 400px\" \/><\/a><div class=\"text-holder\">Digital Pianos Vienna<\/div><\/div><!-- .entry-content --><\/div><\/div><\/div><\/div><!-- .cats-container -->\n","protected":false},"excerpt":{"rendered":"<p>The with the showroom is the most visited piano shop in Vienna. In our showrooms you will find more than 150 pianos, grand pianos, and historical instruments for your piano &hellip; <\/p>\n","protected":false},"author":11,"featured_media":34979,"parent":0,"menu_order":0,"comment_status":"closed","ping_status":"closed","template":"","meta":{"footnotes":""},"categories":[],"tags":[],"class_list":["post-985","page","type-page","status-publish","has-post-thumbnail","hentry","latest_post"],"yoast_head":"<!-- This site is optimized with the Yoast SEO plugin v24.4 - https:\/\/yoast.com\/wordpress\/plugins\/seo\/ -->\n<title>Piano Sales Vienna - Klavier Galerie<\/title>\n<meta name=\"description\" content=\"At the Klavier Galerie with its piano sale in Vienna you will find more than 150 pianos, grand pianos, and historical instruments.\" \/>\n<meta name=\"robots\" content=\"index, follow, max-snippet:-1, max-image-preview:large, max-video-preview:-1\" \/>\n<link rel=\"canonical\" href=\"https:\/\/klaviergalerie.at\/en\/piano-sales-vienna\/\" \/>\n<meta property=\"og:locale\" content=\"en_US\" \/>\n<meta property=\"og:type\" content=\"article\" \/>\n<meta property=\"og:title\" content=\"Piano Sales Vienna - Klavier Galerie\" \/>\n<meta property=\"og:description\" content=\"At the Klavier Galerie with its piano sale in Vienna you will find more than 150 pianos, grand pianos, and historical instruments.\" \/>\n<meta property=\"og:url\" content=\"https:\/\/klaviergalerie.at\/en\/piano-sales-vienna\/\" \/>\n<meta property=\"og:site_name\" content=\"Klavier Galerie\" \/>\n<meta property=\"article:publisher\" content=\"https:\/\/www.facebook.com\/klaviergalerie\/\" \/>\n<meta property=\"article:modified_time\" content=\"2022-10-04T19:39:46+00:00\" \/>\n<meta property=\"og:image\" content=\"https:\/\/klaviergalerie.at\/wp-content\/uploads\/feurich-classic_en.png\" \/>\n\t<meta property=\"og:image:width\" content=\"1290\" \/>\n\t<meta property=\"og:image:height\" content=\"419\" \/>\n\t<meta property=\"og:image:type\" content=\"image\/png\" \/>\n<meta name=\"twitter:card\" content=\"summary_large_image\" \/>\n<script type=\"application\/ld+json\" class=\"yoast-schema-graph\">{\"@context\":\"https:\/\/schema.org\",\"@graph\":[{\"@type\":\"NewsArticle\",\"@id\":\"https:\/\/klaviergalerie.at\/en\/piano-sales-vienna\/#article\",\"isPartOf\":{\"@id\":\"https:\/\/klaviergalerie.at\/en\/piano-sales-vienna\/\"},\"author\":{\"name\":\"Ernest Bittner\",\"@id\":\"https:\/\/klaviergalerie.at\/#\/schema\/person\/3081406be6ce208dd531902bfb09a6d0\"},\"headline\":\"Piano Sales Vienna\",\"datePublished\":\"2022-08-02T12:34:33+00:00\",\"dateModified\":\"2022-10-04T19:39:46+00:00\",\"mainEntityOfPage\":{\"@id\":\"https:\/\/klaviergalerie.at\/en\/piano-sales-vienna\/\"},\"wordCount\":101,\"publisher\":{\"@id\":\"https:\/\/klaviergalerie.at\/#organization\"},\"image\":{\"@id\":\"https:\/\/klaviergalerie.at\/en\/piano-sales-vienna\/#primaryimage\"},\"thumbnailUrl\":\"https:\/\/klaviergalerie.at\/wp-content\/uploads\/feurich-classic_en.png\",\"inLanguage\":\"en-US\"},{\"@type\":\"WebPage\",\"@id\":\"https:\/\/klaviergalerie.at\/en\/piano-sales-vienna\/\",\"url\":\"https:\/\/klaviergalerie.at\/en\/piano-sales-vienna\/\",\"name\":\"Piano Sales Vienna - Klavier Galerie\",\"isPartOf\":{\"@id\":\"https:\/\/klaviergalerie.at\/#website\"},\"primaryImageOfPage\":{\"@id\":\"https:\/\/klaviergalerie.at\/en\/piano-sales-vienna\/#primaryimage\"},\"image\":{\"@id\":\"https:\/\/klaviergalerie.at\/en\/piano-sales-vienna\/#primaryimage\"},\"thumbnailUrl\":\"https:\/\/klaviergalerie.at\/wp-content\/uploads\/feurich-classic_en.png\",\"datePublished\":\"2022-08-02T12:34:33+00:00\",\"dateModified\":\"2022-10-04T19:39:46+00:00\",\"description\":\"At the Klavier Galerie with its piano sale in Vienna you will find more than 150 pianos, grand pianos, and historical instruments.\",\"breadcrumb\":{\"@id\":\"https:\/\/klaviergalerie.at\/en\/piano-sales-vienna\/#breadcrumb\"},\"inLanguage\":\"en-US\",\"potentialAction\":[{\"@type\":\"ReadAction\",\"target\":[\"https:\/\/klaviergalerie.at\/en\/piano-sales-vienna\/\"]}]},{\"@type\":\"ImageObject\",\"inLanguage\":\"en-US\",\"@id\":\"https:\/\/klaviergalerie.at\/en\/piano-sales-vienna\/#primaryimage\",\"url\":\"https:\/\/klaviergalerie.at\/wp-content\/uploads\/feurich-classic_en.png\",\"contentUrl\":\"https:\/\/klaviergalerie.at\/wp-content\/uploads\/feurich-classic_en.png\",\"width\":1290,\"height\":419,\"caption\":\"Impressions on Feurich Classic child playing piano\"},{\"@type\":\"BreadcrumbList\",\"@id\":\"https:\/\/klaviergalerie.at\/en\/piano-sales-vienna\/#breadcrumb\",\"itemListElement\":[{\"@type\":\"ListItem\",\"position\":1,\"name\":\"Home\",\"item\":\"https:\/\/klaviergalerie.at\/en\/\"},{\"@type\":\"ListItem\",\"position\":2,\"name\":\"Piano Sales Vienna\"}]},{\"@type\":\"WebSite\",\"@id\":\"https:\/\/klaviergalerie.at\/#website\",\"url\":\"https:\/\/klaviergalerie.at\/\",\"name\":\"Klavier Galerie\",\"description\":\"Home of the Piano\",\"publisher\":{\"@id\":\"https:\/\/klaviergalerie.at\/#organization\"},\"potentialAction\":[{\"@type\":\"SearchAction\",\"target\":{\"@type\":\"EntryPoint\",\"urlTemplate\":\"https:\/\/klaviergalerie.at\/?s={search_term_string}\"},\"query-input\":{\"@type\":\"PropertyValueSpecification\",\"valueRequired\":true,\"valueName\":\"search_term_string\"}}],\"inLanguage\":\"en-US\"},{\"@type\":\"Organization\",\"@id\":\"https:\/\/klaviergalerie.at\/#organization\",\"name\":\"Klavier Galerie\",\"url\":\"https:\/\/klaviergalerie.at\/\",\"logo\":{\"@type\":\"ImageObject\",\"inLanguage\":\"en-US\",\"@id\":\"https:\/\/klaviergalerie.at\/#\/schema\/logo\/image\/\",\"url\":\"https:\/\/klaviergalerie.at\/wp-content\/uploads\/cropped-1_Klavier-Galerie-Logo-quer-1.png\",\"contentUrl\":\"https:\/\/klaviergalerie.at\/wp-content\/uploads\/cropped-1_Klavier-Galerie-Logo-quer-1.png\",\"width\":350,\"height\":111,\"caption\":\"Klavier Galerie\"},\"image\":{\"@id\":\"https:\/\/klaviergalerie.at\/#\/schema\/logo\/image\/\"},\"sameAs\":[\"https:\/\/www.facebook.com\/klaviergalerie\/\",\"https:\/\/www.instagram.com\/feurich_vienna\/\",\"https:\/\/www.youtube.com\/channel\/UCw_wc2R3X9pzHSyVEl_983g\/videos\/\"]},{\"@type\":\"Person\",\"@id\":\"https:\/\/klaviergalerie.at\/#\/schema\/person\/3081406be6ce208dd531902bfb09a6d0\",\"name\":\"Ernest Bittner\"}]}<\/script>\n<!-- \/ Yoast SEO plugin. -->","yoast_head_json":{"title":"Piano Sales Vienna - Klavier Galerie","description":"At the Klavier Galerie with its piano sale in Vienna you will find more than 150 pianos, grand pianos, and historical instruments.","robots":{"index":"index","follow":"follow","max-snippet":"max-snippet:-1","max-image-preview":"max-image-preview:large","max-video-preview":"max-video-preview:-1"},"canonical":"https:\/\/klaviergalerie.at\/en\/piano-sales-vienna\/","og_locale":"en_US","og_type":"article","og_title":"Piano Sales Vienna - Klavier Galerie","og_description":"At the Klavier Galerie with its piano sale in Vienna you will find more than 150 pianos, grand pianos, and historical instruments.","og_url":"https:\/\/klaviergalerie.at\/en\/piano-sales-vienna\/","og_site_name":"Klavier Galerie","article_publisher":"https:\/\/www.facebook.com\/klaviergalerie\/","article_modified_time":"2022-10-04T19:39:46+00:00","og_image":[{"width":1290,"height":419,"url":"https:\/\/klaviergalerie.at\/wp-content\/uploads\/feurich-classic_en.png","type":"image\/png"}],"twitter_card":"summary_large_image","schema":{"@context":"https:\/\/schema.org","@graph":[{"@type":"NewsArticle","@id":"https:\/\/klaviergalerie.at\/en\/piano-sales-vienna\/#article","isPartOf":{"@id":"https:\/\/klaviergalerie.at\/en\/piano-sales-vienna\/"},"author":{"name":"Ernest Bittner","@id":"https:\/\/klaviergalerie.at\/#\/schema\/person\/3081406be6ce208dd531902bfb09a6d0"},"headline":"Piano Sales Vienna","datePublished":"2022-08-02T12:34:33+00:00","dateModified":"2022-10-04T19:39:46+00:00","mainEntityOfPage":{"@id":"https:\/\/klaviergalerie.at\/en\/piano-sales-vienna\/"},"wordCount":101,"publisher":{"@id":"https:\/\/klaviergalerie.at\/#organization"},"image":{"@id":"https:\/\/klaviergalerie.at\/en\/piano-sales-vienna\/#primaryimage"},"thumbnailUrl":"https:\/\/klaviergalerie.at\/wp-content\/uploads\/feurich-classic_en.png","inLanguage":"en-US"},{"@type":"WebPage","@id":"https:\/\/klaviergalerie.at\/en\/piano-sales-vienna\/","url":"https:\/\/klaviergalerie.at\/en\/piano-sales-vienna\/","name":"Piano Sales Vienna - Klavier Galerie","isPartOf":{"@id":"https:\/\/klaviergalerie.at\/#website"},"primaryImageOfPage":{"@id":"https:\/\/klaviergalerie.at\/en\/piano-sales-vienna\/#primaryimage"},"image":{"@id":"https:\/\/klaviergalerie.at\/en\/piano-sales-vienna\/#primaryimage"},"thumbnailUrl":"https:\/\/klaviergalerie.at\/wp-content\/uploads\/feurich-classic_en.png","datePublished":"2022-08-02T12:34:33+00:00","dateModified":"2022-10-04T19:39:46+00:00","description":"At the Klavier Galerie with its piano sale in Vienna you will find more than 150 pianos, grand pianos, and historical instruments.","breadcrumb":{"@id":"https:\/\/klaviergalerie.at\/en\/piano-sales-vienna\/#breadcrumb"},"inLanguage":"en-US","potentialAction":[{"@type":"ReadAction","target":["https:\/\/klaviergalerie.at\/en\/piano-sales-vienna\/"]}]},{"@type":"ImageObject","inLanguage":"en-US","@id":"https:\/\/klaviergalerie.at\/en\/piano-sales-vienna\/#primaryimage","url":"https:\/\/klaviergalerie.at\/wp-content\/uploads\/feurich-classic_en.png","contentUrl":"https:\/\/klaviergalerie.at\/wp-content\/uploads\/feurich-classic_en.png","width":1290,"height":419,"caption":"Impressions on Feurich Classic child playing piano"},{"@type":"BreadcrumbList","@id":"https:\/\/klaviergalerie.at\/en\/piano-sales-vienna\/#breadcrumb","itemListElement":[{"@type":"ListItem","position":1,"name":"Home","item":"https:\/\/klaviergalerie.at\/en\/"},{"@type":"ListItem","position":2,"name":"Piano Sales Vienna"}]},{"@type":"WebSite","@id":"https:\/\/klaviergalerie.at\/#website","url":"https:\/\/klaviergalerie.at\/","name":"Klavier Galerie","description":"Home of the Piano","publisher":{"@id":"https:\/\/klaviergalerie.at\/#organization"},"potentialAction":[{"@type":"SearchAction","target":{"@type":"EntryPoint","urlTemplate":"https:\/\/klaviergalerie.at\/?s={search_term_string}"},"query-input":{"@type":"PropertyValueSpecification","valueRequired":true,"valueName":"search_term_string"}}],"inLanguage":"en-US"},{"@type":"Organization","@id":"https:\/\/klaviergalerie.at\/#organization","name":"Klavier Galerie","url":"https:\/\/klaviergalerie.at\/","logo":{"@type":"ImageObject","inLanguage":"en-US","@id":"https:\/\/klaviergalerie.at\/#\/schema\/logo\/image\/","url":"https:\/\/klaviergalerie.at\/wp-content\/uploads\/cropped-1_Klavier-Galerie-Logo-quer-1.png","contentUrl":"https:\/\/klaviergalerie.at\/wp-content\/uploads\/cropped-1_Klavier-Galerie-Logo-quer-1.png","width":350,"height":111,"caption":"Klavier Galerie"},"image":{"@id":"https:\/\/klaviergalerie.at\/#\/schema\/logo\/image\/"},"sameAs":["https:\/\/www.facebook.com\/klaviergalerie\/","https:\/\/www.instagram.com\/feurich_vienna\/","https:\/\/www.youtube.com\/channel\/UCw_wc2R3X9pzHSyVEl_983g\/videos\/"]},{"@type":"Person","@id":"https:\/\/klaviergalerie.at\/#\/schema\/person\/3081406be6ce208dd531902bfb09a6d0","name":"Ernest Bittner"}]}},"_links":{"self":[{"href":"https:\/\/klaviergalerie.at\/en\/wp-json\/wp\/v2\/pages\/985","targetHints":{"allow":["GET"]}}],"collection":[{"href":"https:\/\/klaviergalerie.at\/en\/wp-json\/wp\/v2\/pages"}],"about":[{"href":"https:\/\/klaviergalerie.at\/en\/wp-json\/wp\/v2\/types\/page"}],"author":[{"embeddable":true,"href":"https:\/\/klaviergalerie.at\/en\/wp-json\/wp\/v2\/users\/11"}],"replies":[{"embeddable":true,"href":"https:\/\/klaviergalerie.at\/en\/wp-json\/wp\/v2\/comments?post=985"}],"version-history":[{"count":0,"href":"https:\/\/klaviergalerie.at\/en\/wp-json\/wp\/v2\/pages\/985\/revisions"}],"wp:featuredmedia":[{"embeddable":true,"href":"https:\/\/klaviergalerie.at\/en\/wp-json\/wp\/v2\/media\/34979"}],"wp:attachment":[{"href":"https:\/\/klaviergalerie.at\/en\/wp-json\/wp\/v2\/media?parent=985"}],"wp:term":[{"taxonomy":"category","embeddable":true,"href":"https:\/\/klaviergalerie.at\/en\/wp-json\/wp\/v2\/categories?post=985"},{"taxonomy":"post_tag","embeddable":true,"href":"https:\/\/klaviergalerie.at\/en\/wp-json\/wp\/v2\/tags?post=985"}],"curies":[{"name":"wp","href":"https:\/\/api.w.org\/{rel}","templated":true}]}}