{"id":32564,"date":"2022-08-03T15:41:57","date_gmt":"2022-08-03T13:41:57","guid":{"rendered":"https:\/\/klaviergalerie.at.dedivirt2650.your-server.de\/?page_id=32564"},"modified":"2022-09-27T21:27:23","modified_gmt":"2022-09-27T19:27:23","slug":"masterpieces-unique-pianos-vienna","status":"publish","type":"page","link":"https:\/\/klaviergalerie.at\/en\/masterpieces-unique-pianos-vienna\/","title":{"rendered":"Masterpieces and Unique Pianos from Vienna"},"content":{"rendered":"<p><em>In our showrooms we present hand-picked concert grand pianos and upright pianos. We offer selected masterpieces from top brands such as Steinway &amp; Sons, B\u00f6sendorfer, Ehrbar, Bechstein, Bl\u00fcthner, Steingraeber &amp; S\u00f6hne, August F\u00f6rster \u2013 all expertly restored, refurbished and tuned.<\/em><\/p>\n<p>On request, we can equip these instruments with self-playing systems, silent systems, and many other extras in our master workshop. If you would like to preserve the casing of your old piano, we can install a new interior directly.<\/p>\n<p>Even if you dream of a unique piano \u2013 you\u2019ve come to the right place: We produce your one-of-a-kind-piano according to your ideas.<br \/>\n<script>function toggle_contact(form_id) {  var x = document.getElementById(\"formular\");  if (x.style.display === \"block\") {    x.style.display = \"none\";  } else {    x.style.display = \"block\";    x.scrollIntoView({block: \"start\", behavior: \"smooth\"});  }}<\/script><a id=\"toggle_contact\" title=\"Contact us!\" href=\"#\" onclick=\"toggle_contact();return false;\"><svg class=\"svg-inline--fa fa-pen-to-square\" aria-hidden=\"true\" focusable=\"false\" data-prefix=\"fas\" data-icon=\"pen-to-square\" role=\"img\" xmlns=\"http:\/\/www.w3.org\/2000\/svg\" viewBox=\"0 0 512 512\" data-fa-i2svg=\"\"><path fill=\"currentColor\" d=\"M490.3 40.4C512.2 62.27 512.2 97.73 490.3 119.6L460.3 149.7L362.3 51.72L392.4 21.66C414.3-.2135 449.7-.2135 471.6 21.66L490.3 40.4zM172.4 241.7L339.7 74.34L437.7 172.3L270.3 339.6C264.2 345.8 256.7 350.4 248.4 353.2L159.6 382.8C150.1 385.6 141.5 383.4 135 376.1C128.6 370.5 126.4 361 129.2 352.4L158.8 263.6C161.6 255.3 166.2 247.8 172.4 241.7V241.7zM192 63.1C209.7 63.1 224 78.33 224 95.1C224 113.7 209.7 127.1 192 127.1H96C78.33 127.1 64 142.3 64 159.1V416C64 433.7 78.33 448 96 448H352C369.7 448 384 433.7 384 416V319.1C384 302.3 398.3 287.1 416 287.1C433.7 287.1 448 302.3 448 319.1V416C448 469 405 512 352 512H96C42.98 512 0 469 0 416V159.1C0 106.1 42.98 63.1 96 63.1H192z\"><\/path><\/svg>Contact us!<\/a><div id=\"formular\">\n<div class=\"wpcf7 no-js\" id=\"wpcf7-f34368-o1\" lang=\"en-US\" dir=\"ltr\" data-wpcf7-id=\"34368\">\n<div class=\"screen-reader-response\"><p role=\"status\" aria-live=\"polite\" aria-atomic=\"true\"><\/p> <ul><\/ul><\/div>\n<form action=\"\/en\/wp-json\/wp\/v2\/pages\/32564#wpcf7-f34368-o1\" method=\"post\" class=\"wpcf7-form init\" aria-label=\"Contact form\" enctype=\"multipart\/form-data\" novalidate=\"novalidate\" data-status=\"init\">\n<fieldset class=\"hidden-fields-container\"><input type=\"hidden\" name=\"_wpcf7\" value=\"34368\" \/><input type=\"hidden\" name=\"_wpcf7_version\" value=\"6.1.5\" \/><input type=\"hidden\" name=\"_wpcf7_locale\" value=\"en_US\" \/><input type=\"hidden\" name=\"_wpcf7_unit_tag\" value=\"wpcf7-f34368-o1\" \/><input type=\"hidden\" name=\"_wpcf7_container_post\" value=\"0\" \/><input type=\"hidden\" name=\"_wpcf7_posted_data_hash\" value=\"\" \/><input type=\"hidden\" name=\"_wpcf7_recaptcha_response\" value=\"\" \/>\n<\/fieldset>\n<p><label> Subject<br \/>\n<span class=\"wpcf7-form-control-wrap\" data-name=\"betreff\"><input size=\"40\" maxlength=\"400\" class=\"wpcf7-form-control wpcf7-text\" aria-invalid=\"false\" value=\"Masterpieces and Unique Pianos from Vienna\" type=\"text\" name=\"betreff\" \/><\/span> <\/label>\n<\/p>\n<p><label> Your Message<br \/>\n<span class=\"wpcf7-form-control-wrap\" data-name=\"your-message\"><textarea cols=\"40\" rows=\"10\" maxlength=\"2000\" class=\"wpcf7-form-control wpcf7-textarea\" aria-invalid=\"false\" name=\"your-message\">Dear KLAVIER GALERIE,<\/textarea><\/span> <\/label>\n<\/p>\n<p><label> Your Name<br \/>\n<span class=\"wpcf7-form-control-wrap\" data-name=\"your-name\"><input size=\"40\" maxlength=\"400\" class=\"wpcf7-form-control wpcf7-text\" aria-invalid=\"false\" value=\"\" type=\"text\" name=\"your-name\" \/><\/span> <\/label>\n<\/p>\n<p><label> Your Phone Number<br \/>\n<span class=\"wpcf7-form-control-wrap\" data-name=\"tel-344\"><input size=\"40\" maxlength=\"400\" class=\"wpcf7-form-control wpcf7-tel wpcf7-text wpcf7-validates-as-tel\" aria-invalid=\"false\" value=\"\" type=\"tel\" name=\"tel-344\" \/><\/span> <\/label>\n<\/p>\n<p><label> Your Email*<br \/>\n<span class=\"wpcf7-form-control-wrap\" data-name=\"your-email\"><input size=\"40\" maxlength=\"400\" class=\"wpcf7-form-control wpcf7-email wpcf7-validates-as-required wpcf7-text wpcf7-validates-as-email\" aria-required=\"true\" aria-invalid=\"false\" value=\"\" type=\"email\" name=\"your-email\" \/><\/span> <\/label>\n<\/p>\n<p><label> Your Attachment<br \/>\n<span class=\"wpcf7-form-control-wrap\" data-name=\"file-127\"><input size=\"40\" class=\"wpcf7-form-control wpcf7-file\" accept=\"audio\/*,video\/*,image\/*\" aria-invalid=\"false\" type=\"file\" name=\"file-127\" \/><\/span> <\/label>\n<\/p>\n<p><input class=\"wpcf7-form-control wpcf7-submit has-spinner\" type=\"submit\" value=\"Send\" \/>\n<\/p><input type='hidden' class='wpcf7-pum' value='{\"closepopup\":false,\"closedelay\":0,\"openpopup\":false,\"openpopup_id\":0}' \/><div class=\"wpcf7-response-output\" aria-hidden=\"true\"><\/div>\n<\/form>\n<\/div>\n<\/div><\/p>\n<h2>Our Masterpieces on YouTube<\/h2>\n<p>Our masterpieces love the spotlight \u2013 they want to be seen and heard! Visit our <a href=\"https:\/\/www.youtube.com\/playlist?list=PLMyJWZsb79Rdm8HTY0NoxlRBjslUlzGzB\" target=\"_blank\" rel=\"noopener\">YouTube channel<\/a> and see for yourself the optical and tonal qualities of our instruments.<\/p>\n<p><iframe loading=\"lazy\" title=\"Steinway L Palisander (1889) - VERKAUFT!\" width=\"400\" height=\"225\" src=\"https:\/\/www.youtube.com\/embed\/ytcAeWV8vnY?start=1&#038;feature=oembed\" frameborder=\"0\" allow=\"accelerometer; autoplay; clipboard-write; encrypted-media; gyroscope; picture-in-picture\" allowfullscreen><\/iframe> <iframe loading=\"lazy\" title=\"B\u00f6sendorfer 190 (1915) - VERKAUFT!\" width=\"400\" height=\"225\" src=\"https:\/\/www.youtube.com\/embed\/j_q-QG3BVtY?feature=oembed\" frameborder=\"0\" allow=\"accelerometer; autoplay; clipboard-write; encrypted-media; gyroscope; picture-in-picture\" allowfullscreen><\/iframe> <iframe loading=\"lazy\" title=\"Grotrian Steinweg 192 Cabinet (1993) - VERKAUFT!\" width=\"400\" height=\"225\" src=\"https:\/\/www.youtube.com\/embed\/eGYlAgp2ugE?feature=oembed\" frameborder=\"0\" allow=\"accelerometer; autoplay; clipboard-write; encrypted-media; gyroscope; picture-in-picture\" allowfullscreen><\/iframe> <iframe loading=\"lazy\" title=\"B\u00f6sendorfer 225 (1981) - VERKAUFT!\" width=\"400\" height=\"225\" src=\"https:\/\/www.youtube.com\/embed\/ShDCFSXHr-c?feature=oembed\" frameborder=\"0\" allow=\"accelerometer; autoplay; clipboard-write; encrypted-media; gyroscope; picture-in-picture\" allowfullscreen><\/iframe> <iframe loading=\"lazy\" title=\"Bechstein Academy 190 (2009) - VERKAUFT!\" width=\"400\" height=\"225\" src=\"https:\/\/www.youtube.com\/embed\/k-Zz6tZlPHQ?feature=oembed\" frameborder=\"0\" allow=\"accelerometer; autoplay; clipboard-write; encrypted-media; gyroscope; picture-in-picture\" allowfullscreen><\/iframe> <iframe loading=\"lazy\" title=\"B\u00f6sendorfer 290 Imperial (1977)\" width=\"400\" height=\"225\" src=\"https:\/\/www.youtube.com\/embed\/ywFQWzu2DHI?list=PLMyJWZsb79Rdm8HTY0NoxlRBjslUlzGzB\" frameborder=\"0\" allow=\"accelerometer; autoplay; clipboard-write; encrypted-media; gyroscope; picture-in-picture\" allowfullscreen><\/iframe> <iframe loading=\"lazy\" title=\"Ehrbar 200 X (1932)\" width=\"400\" height=\"225\" src=\"https:\/\/www.youtube.com\/embed\/zWU3Ob6F23U?feature=oembed\" frameborder=\"0\" allow=\"accelerometer; autoplay; clipboard-write; encrypted-media; gyroscope; picture-in-picture\" allowfullscreen><\/iframe> <iframe loading=\"lazy\" title=\"B\u00f6sendorfer 180 (1912) - VERKAUFT!\" width=\"400\" height=\"225\" src=\"https:\/\/www.youtube.com\/embed\/266x-j41SVk?feature=oembed\" frameborder=\"0\" allow=\"accelerometer; autoplay; clipboard-write; encrypted-media; gyroscope; picture-in-picture\" allowfullscreen><\/iframe> <iframe loading=\"lazy\" title=\"Steinway &amp; Sons D (1973) - VERKAUFT!\" width=\"400\" height=\"225\" src=\"https:\/\/www.youtube.com\/embed\/_rwUzrr03qk?feature=oembed\" frameborder=\"0\" allow=\"accelerometer; autoplay; clipboard-write; encrypted-media; gyroscope; picture-in-picture\" allowfullscreen><\/iframe><\/p>\n","protected":false},"excerpt":{"rendered":"<p>In our showrooms we present hand-picked concert grand pianos and upright pianos. We offer selected masterpieces from top brands such as Steinway &amp; Sons, B\u00f6sendorfer, Ehrbar, Bechstein, Bl\u00fcthner, Steingraeber &amp; &hellip; <\/p>\n","protected":false},"author":11,"featured_media":34982,"parent":0,"menu_order":0,"comment_status":"closed","ping_status":"closed","template":"","meta":{"footnotes":""},"categories":[65],"tags":[],"class_list":["post-32564","page","type-page","status-publish","has-post-thumbnail","hentry","category-piano-sales","latest_post"],"yoast_head":"<!-- This site is optimized with the Yoast SEO plugin v24.4 - https:\/\/yoast.com\/wordpress\/plugins\/seo\/ -->\n<title>Masterpieces and Unique Pianos from Vienna - Klavier Galerie<\/title>\n<meta name=\"description\" content=\"In our showrooms in Vienna we present hand-picked concert grand pianos and upright pianos. We offer selected masterpieces from top brands.\" \/>\n<meta name=\"robots\" content=\"index, follow, max-snippet:-1, max-image-preview:large, max-video-preview:-1\" \/>\n<link rel=\"canonical\" href=\"https:\/\/klaviergalerie.at\/en\/masterpieces-unique-pianos-vienna\/\" \/>\n<meta property=\"og:locale\" content=\"en_US\" \/>\n<meta property=\"og:type\" content=\"article\" \/>\n<meta property=\"og:title\" content=\"Masterpieces and Unique Pianos from Vienna - Klavier Galerie\" \/>\n<meta property=\"og:description\" content=\"In our showrooms in Vienna we present hand-picked concert grand pianos and upright pianos. We offer selected masterpieces from top brands.\" \/>\n<meta property=\"og:url\" content=\"https:\/\/klaviergalerie.at\/en\/masterpieces-unique-pianos-vienna\/\" \/>\n<meta property=\"og:site_name\" content=\"Klavier Galerie\" \/>\n<meta property=\"article:publisher\" content=\"https:\/\/www.facebook.com\/klaviergalerie\/\" \/>\n<meta property=\"article:modified_time\" content=\"2022-09-27T19:27:23+00:00\" \/>\n<meta property=\"og:image\" content=\"https:\/\/klaviergalerie.at\/wp-content\/uploads\/masterpieces-unique-pianos.png\" \/>\n\t<meta property=\"og:image:width\" content=\"1290\" \/>\n\t<meta property=\"og:image:height\" content=\"420\" \/>\n\t<meta property=\"og:image:type\" content=\"image\/png\" \/>\n<meta name=\"twitter:card\" content=\"summary_large_image\" \/>\n<script type=\"application\/ld+json\" class=\"yoast-schema-graph\">{\"@context\":\"https:\/\/schema.org\",\"@graph\":[{\"@type\":\"NewsArticle\",\"@id\":\"https:\/\/klaviergalerie.at\/en\/masterpieces-unique-pianos-vienna\/#article\",\"isPartOf\":{\"@id\":\"https:\/\/klaviergalerie.at\/en\/masterpieces-unique-pianos-vienna\/\"},\"author\":{\"name\":\"Ernest Bittner\",\"@id\":\"https:\/\/klaviergalerie.at\/#\/schema\/person\/3081406be6ce208dd531902bfb09a6d0\"},\"headline\":\"Masterpieces and Unique Pianos from Vienna\",\"datePublished\":\"2022-08-03T13:41:57+00:00\",\"dateModified\":\"2022-09-27T19:27:23+00:00\",\"mainEntityOfPage\":{\"@id\":\"https:\/\/klaviergalerie.at\/en\/masterpieces-unique-pianos-vienna\/\"},\"wordCount\":267,\"publisher\":{\"@id\":\"https:\/\/klaviergalerie.at\/#organization\"},\"image\":{\"@id\":\"https:\/\/klaviergalerie.at\/en\/masterpieces-unique-pianos-vienna\/#primaryimage\"},\"thumbnailUrl\":\"https:\/\/klaviergalerie.at\/wp-content\/uploads\/masterpieces-unique-pianos.png\",\"articleSection\":[\"Piano Sales\"],\"inLanguage\":\"en-US\"},{\"@type\":\"WebPage\",\"@id\":\"https:\/\/klaviergalerie.at\/en\/masterpieces-unique-pianos-vienna\/\",\"url\":\"https:\/\/klaviergalerie.at\/en\/masterpieces-unique-pianos-vienna\/\",\"name\":\"Masterpieces and Unique Pianos from Vienna - Klavier Galerie\",\"isPartOf\":{\"@id\":\"https:\/\/klaviergalerie.at\/#website\"},\"primaryImageOfPage\":{\"@id\":\"https:\/\/klaviergalerie.at\/en\/masterpieces-unique-pianos-vienna\/#primaryimage\"},\"image\":{\"@id\":\"https:\/\/klaviergalerie.at\/en\/masterpieces-unique-pianos-vienna\/#primaryimage\"},\"thumbnailUrl\":\"https:\/\/klaviergalerie.at\/wp-content\/uploads\/masterpieces-unique-pianos.png\",\"datePublished\":\"2022-08-03T13:41:57+00:00\",\"dateModified\":\"2022-09-27T19:27:23+00:00\",\"description\":\"In our showrooms in Vienna we present hand-picked concert grand pianos and upright pianos. We offer selected masterpieces from top brands.\",\"breadcrumb\":{\"@id\":\"https:\/\/klaviergalerie.at\/en\/masterpieces-unique-pianos-vienna\/#breadcrumb\"},\"inLanguage\":\"en-US\",\"potentialAction\":[{\"@type\":\"ReadAction\",\"target\":[\"https:\/\/klaviergalerie.at\/en\/masterpieces-unique-pianos-vienna\/\"]}]},{\"@type\":\"ImageObject\",\"inLanguage\":\"en-US\",\"@id\":\"https:\/\/klaviergalerie.at\/en\/masterpieces-unique-pianos-vienna\/#primaryimage\",\"url\":\"https:\/\/klaviergalerie.at\/wp-content\/uploads\/masterpieces-unique-pianos.png\",\"contentUrl\":\"https:\/\/klaviergalerie.at\/wp-content\/uploads\/masterpieces-unique-pianos.png\",\"width\":1290,\"height\":420},{\"@type\":\"BreadcrumbList\",\"@id\":\"https:\/\/klaviergalerie.at\/en\/masterpieces-unique-pianos-vienna\/#breadcrumb\",\"itemListElement\":[{\"@type\":\"ListItem\",\"position\":1,\"name\":\"Home\",\"item\":\"https:\/\/klaviergalerie.at\/en\/\"},{\"@type\":\"ListItem\",\"position\":2,\"name\":\"Masterpieces and Unique Pianos from Vienna\"}]},{\"@type\":\"WebSite\",\"@id\":\"https:\/\/klaviergalerie.at\/#website\",\"url\":\"https:\/\/klaviergalerie.at\/\",\"name\":\"Klavier Galerie\",\"description\":\"Home of the Piano\",\"publisher\":{\"@id\":\"https:\/\/klaviergalerie.at\/#organization\"},\"potentialAction\":[{\"@type\":\"SearchAction\",\"target\":{\"@type\":\"EntryPoint\",\"urlTemplate\":\"https:\/\/klaviergalerie.at\/?s={search_term_string}\"},\"query-input\":{\"@type\":\"PropertyValueSpecification\",\"valueRequired\":true,\"valueName\":\"search_term_string\"}}],\"inLanguage\":\"en-US\"},{\"@type\":\"Organization\",\"@id\":\"https:\/\/klaviergalerie.at\/#organization\",\"name\":\"Klavier Galerie\",\"url\":\"https:\/\/klaviergalerie.at\/\",\"logo\":{\"@type\":\"ImageObject\",\"inLanguage\":\"en-US\",\"@id\":\"https:\/\/klaviergalerie.at\/#\/schema\/logo\/image\/\",\"url\":\"https:\/\/klaviergalerie.at\/wp-content\/uploads\/cropped-1_Klavier-Galerie-Logo-quer-1.png\",\"contentUrl\":\"https:\/\/klaviergalerie.at\/wp-content\/uploads\/cropped-1_Klavier-Galerie-Logo-quer-1.png\",\"width\":350,\"height\":111,\"caption\":\"Klavier Galerie\"},\"image\":{\"@id\":\"https:\/\/klaviergalerie.at\/#\/schema\/logo\/image\/\"},\"sameAs\":[\"https:\/\/www.facebook.com\/klaviergalerie\/\",\"https:\/\/www.instagram.com\/feurich_vienna\/\",\"https:\/\/www.youtube.com\/channel\/UCw_wc2R3X9pzHSyVEl_983g\/videos\/\"]},{\"@type\":\"Person\",\"@id\":\"https:\/\/klaviergalerie.at\/#\/schema\/person\/3081406be6ce208dd531902bfb09a6d0\",\"name\":\"Ernest Bittner\"}]}<\/script>\n<!-- \/ Yoast SEO plugin. -->","yoast_head_json":{"title":"Masterpieces and Unique Pianos from Vienna - Klavier Galerie","description":"In our showrooms in Vienna we present hand-picked concert grand pianos and upright pianos. We offer selected masterpieces from top brands.","robots":{"index":"index","follow":"follow","max-snippet":"max-snippet:-1","max-image-preview":"max-image-preview:large","max-video-preview":"max-video-preview:-1"},"canonical":"https:\/\/klaviergalerie.at\/en\/masterpieces-unique-pianos-vienna\/","og_locale":"en_US","og_type":"article","og_title":"Masterpieces and Unique Pianos from Vienna - Klavier Galerie","og_description":"In our showrooms in Vienna we present hand-picked concert grand pianos and upright pianos. We offer selected masterpieces from top brands.","og_url":"https:\/\/klaviergalerie.at\/en\/masterpieces-unique-pianos-vienna\/","og_site_name":"Klavier Galerie","article_publisher":"https:\/\/www.facebook.com\/klaviergalerie\/","article_modified_time":"2022-09-27T19:27:23+00:00","og_image":[{"width":1290,"height":420,"url":"https:\/\/klaviergalerie.at\/wp-content\/uploads\/masterpieces-unique-pianos.png","type":"image\/png"}],"twitter_card":"summary_large_image","schema":{"@context":"https:\/\/schema.org","@graph":[{"@type":"NewsArticle","@id":"https:\/\/klaviergalerie.at\/en\/masterpieces-unique-pianos-vienna\/#article","isPartOf":{"@id":"https:\/\/klaviergalerie.at\/en\/masterpieces-unique-pianos-vienna\/"},"author":{"name":"Ernest Bittner","@id":"https:\/\/klaviergalerie.at\/#\/schema\/person\/3081406be6ce208dd531902bfb09a6d0"},"headline":"Masterpieces and Unique Pianos from Vienna","datePublished":"2022-08-03T13:41:57+00:00","dateModified":"2022-09-27T19:27:23+00:00","mainEntityOfPage":{"@id":"https:\/\/klaviergalerie.at\/en\/masterpieces-unique-pianos-vienna\/"},"wordCount":267,"publisher":{"@id":"https:\/\/klaviergalerie.at\/#organization"},"image":{"@id":"https:\/\/klaviergalerie.at\/en\/masterpieces-unique-pianos-vienna\/#primaryimage"},"thumbnailUrl":"https:\/\/klaviergalerie.at\/wp-content\/uploads\/masterpieces-unique-pianos.png","articleSection":["Piano Sales"],"inLanguage":"en-US"},{"@type":"WebPage","@id":"https:\/\/klaviergalerie.at\/en\/masterpieces-unique-pianos-vienna\/","url":"https:\/\/klaviergalerie.at\/en\/masterpieces-unique-pianos-vienna\/","name":"Masterpieces and Unique Pianos from Vienna - Klavier Galerie","isPartOf":{"@id":"https:\/\/klaviergalerie.at\/#website"},"primaryImageOfPage":{"@id":"https:\/\/klaviergalerie.at\/en\/masterpieces-unique-pianos-vienna\/#primaryimage"},"image":{"@id":"https:\/\/klaviergalerie.at\/en\/masterpieces-unique-pianos-vienna\/#primaryimage"},"thumbnailUrl":"https:\/\/klaviergalerie.at\/wp-content\/uploads\/masterpieces-unique-pianos.png","datePublished":"2022-08-03T13:41:57+00:00","dateModified":"2022-09-27T19:27:23+00:00","description":"In our showrooms in Vienna we present hand-picked concert grand pianos and upright pianos. We offer selected masterpieces from top brands.","breadcrumb":{"@id":"https:\/\/klaviergalerie.at\/en\/masterpieces-unique-pianos-vienna\/#breadcrumb"},"inLanguage":"en-US","potentialAction":[{"@type":"ReadAction","target":["https:\/\/klaviergalerie.at\/en\/masterpieces-unique-pianos-vienna\/"]}]},{"@type":"ImageObject","inLanguage":"en-US","@id":"https:\/\/klaviergalerie.at\/en\/masterpieces-unique-pianos-vienna\/#primaryimage","url":"https:\/\/klaviergalerie.at\/wp-content\/uploads\/masterpieces-unique-pianos.png","contentUrl":"https:\/\/klaviergalerie.at\/wp-content\/uploads\/masterpieces-unique-pianos.png","width":1290,"height":420},{"@type":"BreadcrumbList","@id":"https:\/\/klaviergalerie.at\/en\/masterpieces-unique-pianos-vienna\/#breadcrumb","itemListElement":[{"@type":"ListItem","position":1,"name":"Home","item":"https:\/\/klaviergalerie.at\/en\/"},{"@type":"ListItem","position":2,"name":"Masterpieces and Unique Pianos from Vienna"}]},{"@type":"WebSite","@id":"https:\/\/klaviergalerie.at\/#website","url":"https:\/\/klaviergalerie.at\/","name":"Klavier Galerie","description":"Home of the Piano","publisher":{"@id":"https:\/\/klaviergalerie.at\/#organization"},"potentialAction":[{"@type":"SearchAction","target":{"@type":"EntryPoint","urlTemplate":"https:\/\/klaviergalerie.at\/?s={search_term_string}"},"query-input":{"@type":"PropertyValueSpecification","valueRequired":true,"valueName":"search_term_string"}}],"inLanguage":"en-US"},{"@type":"Organization","@id":"https:\/\/klaviergalerie.at\/#organization","name":"Klavier Galerie","url":"https:\/\/klaviergalerie.at\/","logo":{"@type":"ImageObject","inLanguage":"en-US","@id":"https:\/\/klaviergalerie.at\/#\/schema\/logo\/image\/","url":"https:\/\/klaviergalerie.at\/wp-content\/uploads\/cropped-1_Klavier-Galerie-Logo-quer-1.png","contentUrl":"https:\/\/klaviergalerie.at\/wp-content\/uploads\/cropped-1_Klavier-Galerie-Logo-quer-1.png","width":350,"height":111,"caption":"Klavier Galerie"},"image":{"@id":"https:\/\/klaviergalerie.at\/#\/schema\/logo\/image\/"},"sameAs":["https:\/\/www.facebook.com\/klaviergalerie\/","https:\/\/www.instagram.com\/feurich_vienna\/","https:\/\/www.youtube.com\/channel\/UCw_wc2R3X9pzHSyVEl_983g\/videos\/"]},{"@type":"Person","@id":"https:\/\/klaviergalerie.at\/#\/schema\/person\/3081406be6ce208dd531902bfb09a6d0","name":"Ernest Bittner"}]}},"_links":{"self":[{"href":"https:\/\/klaviergalerie.at\/en\/wp-json\/wp\/v2\/pages\/32564","targetHints":{"allow":["GET"]}}],"collection":[{"href":"https:\/\/klaviergalerie.at\/en\/wp-json\/wp\/v2\/pages"}],"about":[{"href":"https:\/\/klaviergalerie.at\/en\/wp-json\/wp\/v2\/types\/page"}],"author":[{"embeddable":true,"href":"https:\/\/klaviergalerie.at\/en\/wp-json\/wp\/v2\/users\/11"}],"replies":[{"embeddable":true,"href":"https:\/\/klaviergalerie.at\/en\/wp-json\/wp\/v2\/comments?post=32564"}],"version-history":[{"count":0,"href":"https:\/\/klaviergalerie.at\/en\/wp-json\/wp\/v2\/pages\/32564\/revisions"}],"wp:featuredmedia":[{"embeddable":true,"href":"https:\/\/klaviergalerie.at\/en\/wp-json\/wp\/v2\/media\/34982"}],"wp:attachment":[{"href":"https:\/\/klaviergalerie.at\/en\/wp-json\/wp\/v2\/media?parent=32564"}],"wp:term":[{"taxonomy":"category","embeddable":true,"href":"https:\/\/klaviergalerie.at\/en\/wp-json\/wp\/v2\/categories?post=32564"},{"taxonomy":"post_tag","embeddable":true,"href":"https:\/\/klaviergalerie.at\/en\/wp-json\/wp\/v2\/tags?post=32564"}],"curies":[{"name":"wp","href":"https:\/\/api.w.org\/{rel}","templated":true}]}}